{"id":1773,"date":"2025-08-01T12:20:59","date_gmt":"2025-08-01T12:20:59","guid":{"rendered":"https:\/\/androfertilidad.com\/?page_id=1773"},"modified":"2025-08-01T13:09:25","modified_gmt":"2025-08-01T13:09:25","slug":"agendar-cita","status":"publish","type":"page","link":"https:\/\/androfertilidad.com\/en\/agendar-cita\/","title":{"rendered":"AGENDA TU CITA"},"content":{"rendered":"<style>\n  html, body {<br \/>    margin: 0;<br \/>    padding: 0;<br \/>  }<\/p>\n<p>  .agenda-full-container {<br \/>    width: 100vw;<br \/>    margin-left: calc(-50vw + 50%);<br \/>    padding: 0;<br \/>    overflow: hidden;<br \/>    font-family: 'Open Sans', sans-serif;<br \/>    background-color: #f9f9f9;<br \/>  }<\/p>\n<p>  .agenda-header {<br \/>    text-align: center;<br \/>    padding: 40px 20px 20px;<br \/>    color: #2c3e50;<br \/>  }<\/p>\n<p>  .agenda-header h1 {<br \/>    font-size: 32px;<br \/>    color: #265289;<br \/>    margin-bottom: 10px;<br \/>  }<\/p>\n<p>  .agenda-header p {<br \/>    font-size: 18px;<br \/>    margin-bottom: 30px;<br \/>  }<\/p>\n<p>  .agenda-iframe {<br \/>    width: 100vw;<br \/>    height: 1200px; \/* Puedes ajustar esto f\u00e1cilmente *\/<br \/>    border: none;<br \/>    display: block;<br \/>  }<\/p>\n<p>  .agenda-whatsapp {<br \/>    text-align: center;<br \/>    margin: 40px 0;<br \/>  }<\/p>\n<p>  .agenda-whatsapp a {<br \/>    background-color: #319DA0;<br \/>    color: white;<br \/>    padding: 14px 28px;<br \/>    font-size: 16px;<br \/>    text-decoration: none;<br \/>    border-radius: 8px;<br \/>    font-weight: bold;<br \/>    display: inline-block;<br \/>    transition: background-color 0.3s ease;<br \/>  }<\/p>\n<p>  .agenda-whatsapp a:hover {<br \/>    background-color: #267d7f;<br \/>  }<br \/><\/style>\n<div class=\"agenda-full-container\">\n<div class=\"agenda-header\">\n<h1>Agenda tu cita<\/h1>\n<p>Selecciona el especialista, el d\u00eda y la hora que m\u00e1s te convengan desde nuestro sistema de reservas en l\u00ednea.<br \/>\nUna vez confirmada, recibir\u00e1s un mensaje autom\u00e1tico con todos los detalles.<\/p>\n<p>&nbsp;<\/p>\n<\/div>\n<p><iframe style=\"width: 100vw; height: 1200px; border: none; display: block; margin: 0 auto;\" title=\"Agenda tu cita en Androfertilidad\" src=\"https:\/\/androfertilidadccct.setmore.com\/\"><br \/>\n<\/iframe><\/p>\n<div class=\"agenda-whatsapp\"><a href=\"https:\/\/wa.me\/584141703370?text=Hola,%20deseo%20informaci\u00f3n%20y%20agendar%20una%20cita%20con%20el%20equipo%20de%20Androfertilidad.\" target=\"_blank\" rel=\"noopener noreferrer\"><br \/>\nEscribir por WhatsApp<br \/>\n<\/a><\/div>\n<\/div>","protected":false},"excerpt":{"rendered":"<p>Agenda tu cita Selecciona el especialista, el d\u00eda y la hora que m\u00e1s te convengan desde nuestro sistema de reservas en l\u00ednea. Una vez confirmada, recibir\u00e1s un mensaje autom\u00e1tico con todos los detalles. &nbsp; Escribir por WhatsApp<\/p>","protected":false},"author":1,"featured_media":0,"parent":0,"menu_order":0,"comment_status":"closed","ping_status":"closed","template":"","meta":{"ngg_post_thumbnail":0,"_kadence_starter_templates_imported_post":false,"_kad_post_transparent":"default","_kad_post_title":"default","_kad_post_layout":"default","_kad_post_sidebar_id":"","_kad_post_content_style":"default","_kad_post_vertical_padding":"default","_kad_post_feature":"","_kad_post_feature_position":"","_kad_post_header":false,"_kad_post_footer":false,"jetpack_post_was_ever_published":false,"footnotes":""},"class_list":["post-1773","page","type-page","status-publish","hentry"],"yoast_head":"<!-- This site is optimized with the Yoast SEO Premium plugin v21.7 (Yoast SEO v22.2) - https:\/\/yoast.com\/wordpress\/plugins\/seo\/ -->\n<title>AGENDA TU CITA &#8211; Androfertilidad<\/title>\n<meta name=\"description\" content=\"Reserva tu consulta m\u00e9dica en l\u00ednea con nuestros especialistas en urolog\u00eda, androlog\u00eda, ginecolog\u00eda, endocrinolog\u00eda y geriatr\u00eda.\" \/>\n<meta name=\"robots\" content=\"index, follow, max-snippet:-1, max-image-preview:large, max-video-preview:-1\" \/>\n<link rel=\"canonical\" href=\"https:\/\/androfertilidad.com\/en\/agendar-cita\/\" \/>\n<meta property=\"og:locale\" content=\"en_US\" \/>\n<meta property=\"og:type\" content=\"article\" \/>\n<meta property=\"og:title\" content=\"AGENDA TU CITA\" \/>\n<meta property=\"og:description\" content=\"Reserva tu consulta m\u00e9dica en l\u00ednea con nuestros especialistas en urolog\u00eda, androlog\u00eda, ginecolog\u00eda, endocrinolog\u00eda y geriatr\u00eda.\" \/>\n<meta property=\"og:url\" content=\"https:\/\/androfertilidad.com\/en\/agendar-cita\/\" \/>\n<meta property=\"og:site_name\" content=\"Androfertilidad\" \/>\n<meta property=\"article:modified_time\" content=\"2025-08-01T13:09:25+00:00\" \/>\n<meta name=\"twitter:card\" content=\"summary_large_image\" \/>\n<meta name=\"twitter:label1\" content=\"Est. reading time\" \/>\n\t<meta name=\"twitter:data1\" content=\"1 minute\" \/>\n<script type=\"application\/ld+json\" class=\"yoast-schema-graph\">{\"@context\":\"https:\/\/schema.org\",\"@graph\":[{\"@type\":\"WebPage\",\"@id\":\"https:\/\/androfertilidad.com\/es_es\/agendar-cita\/\",\"url\":\"https:\/\/androfertilidad.com\/es_es\/agendar-cita\/\",\"name\":\"AGENDA TU CITA &#8211; Androfertilidad\",\"isPartOf\":{\"@id\":\"https:\/\/androfertilidad.com\/en\/#website\"},\"datePublished\":\"2025-08-01T12:20:59+00:00\",\"dateModified\":\"2025-08-01T13:09:25+00:00\",\"description\":\"Reserva tu consulta m\u00e9dica en l\u00ednea con nuestros especialistas en urolog\u00eda, androlog\u00eda, ginecolog\u00eda, endocrinolog\u00eda y geriatr\u00eda.\",\"breadcrumb\":{\"@id\":\"https:\/\/androfertilidad.com\/es_es\/agendar-cita\/#breadcrumb\"},\"inLanguage\":\"en-US\",\"potentialAction\":[{\"@type\":\"ReadAction\",\"target\":[\"https:\/\/androfertilidad.com\/es_es\/agendar-cita\/\"]}]},{\"@type\":\"BreadcrumbList\",\"@id\":\"https:\/\/androfertilidad.com\/es_es\/agendar-cita\/#breadcrumb\",\"itemListElement\":[{\"@type\":\"ListItem\",\"position\":1,\"name\":\"Portada\",\"item\":\"https:\/\/androfertilidad.com\/en\/\"},{\"@type\":\"ListItem\",\"position\":2,\"name\":\"AGENDA TU CITA\"}]},{\"@type\":\"WebSite\",\"@id\":\"https:\/\/androfertilidad.com\/en\/#website\",\"url\":\"https:\/\/androfertilidad.com\/en\/\",\"name\":\"Androfertilidad\",\"description\":\"Andr\u00f3logo -  Ur\u00f3logo - Caracas\",\"publisher\":{\"@id\":\"https:\/\/androfertilidad.com\/en\/#\/schema\/person\/3819090e524f2cdcc3b3e2507df81906\"},\"potentialAction\":[{\"@type\":\"SearchAction\",\"target\":{\"@type\":\"EntryPoint\",\"urlTemplate\":\"https:\/\/androfertilidad.com\/en\/?s={search_term_string}\"},\"query-input\":\"required name=search_term_string\"}],\"inLanguage\":\"en-US\"},{\"@type\":[\"Person\",\"Organization\"],\"@id\":\"https:\/\/androfertilidad.com\/en\/#\/schema\/person\/3819090e524f2cdcc3b3e2507df81906\",\"name\":\"emelean\",\"image\":{\"@type\":\"ImageObject\",\"inLanguage\":\"en-US\",\"@id\":\"https:\/\/androfertilidad.com\/en\/#\/schema\/person\/image\/\",\"url\":\"https:\/\/www.androfertilidad.com\/wp-content\/uploads\/2019\/11\/melean-pagina.jpg\",\"contentUrl\":\"https:\/\/www.androfertilidad.com\/wp-content\/uploads\/2019\/11\/melean-pagina.jpg\",\"width\":300,\"height\":300,\"caption\":\"emelean\"},\"logo\":{\"@id\":\"https:\/\/androfertilidad.com\/en\/#\/schema\/person\/image\/\"}}]}<\/script>\n<!-- \/ Yoast SEO Premium plugin. -->","yoast_head_json":{"title":"AGENDA TU CITA &#8211; Androfertilidad","description":"Reserva tu consulta m\u00e9dica en l\u00ednea con nuestros especialistas en urolog\u00eda, androlog\u00eda, ginecolog\u00eda, endocrinolog\u00eda y geriatr\u00eda.","robots":{"index":"index","follow":"follow","max-snippet":"max-snippet:-1","max-image-preview":"max-image-preview:large","max-video-preview":"max-video-preview:-1"},"canonical":"https:\/\/androfertilidad.com\/en\/agendar-cita\/","og_locale":"en_US","og_type":"article","og_title":"AGENDA TU CITA","og_description":"Reserva tu consulta m\u00e9dica en l\u00ednea con nuestros especialistas en urolog\u00eda, androlog\u00eda, ginecolog\u00eda, endocrinolog\u00eda y geriatr\u00eda.","og_url":"https:\/\/androfertilidad.com\/en\/agendar-cita\/","og_site_name":"Androfertilidad","article_modified_time":"2025-08-01T13:09:25+00:00","twitter_card":"summary_large_image","twitter_misc":{"Est. reading time":"1 minute"},"schema":{"@context":"https:\/\/schema.org","@graph":[{"@type":"WebPage","@id":"https:\/\/androfertilidad.com\/es_es\/agendar-cita\/","url":"https:\/\/androfertilidad.com\/es_es\/agendar-cita\/","name":"AGENDA TU CITA &#8211; Androfertilidad","isPartOf":{"@id":"https:\/\/androfertilidad.com\/en\/#website"},"datePublished":"2025-08-01T12:20:59+00:00","dateModified":"2025-08-01T13:09:25+00:00","description":"Reserva tu consulta m\u00e9dica en l\u00ednea con nuestros especialistas en urolog\u00eda, androlog\u00eda, ginecolog\u00eda, endocrinolog\u00eda y geriatr\u00eda.","breadcrumb":{"@id":"https:\/\/androfertilidad.com\/es_es\/agendar-cita\/#breadcrumb"},"inLanguage":"en-US","potentialAction":[{"@type":"ReadAction","target":["https:\/\/androfertilidad.com\/es_es\/agendar-cita\/"]}]},{"@type":"BreadcrumbList","@id":"https:\/\/androfertilidad.com\/es_es\/agendar-cita\/#breadcrumb","itemListElement":[{"@type":"ListItem","position":1,"name":"Portada","item":"https:\/\/androfertilidad.com\/en\/"},{"@type":"ListItem","position":2,"name":"AGENDA TU CITA"}]},{"@type":"WebSite","@id":"https:\/\/androfertilidad.com\/en\/#website","url":"https:\/\/androfertilidad.com\/en\/","name":"Androfertility","description":"Andr\u00f3logo -  Ur\u00f3logo - Caracas","publisher":{"@id":"https:\/\/androfertilidad.com\/en\/#\/schema\/person\/3819090e524f2cdcc3b3e2507df81906"},"potentialAction":[{"@type":"SearchAction","target":{"@type":"EntryPoint","urlTemplate":"https:\/\/androfertilidad.com\/en\/?s={search_term_string}"},"query-input":"required name=search_term_string"}],"inLanguage":"en-US"},{"@type":["Person","Organization"],"@id":"https:\/\/androfertilidad.com\/en\/#\/schema\/person\/3819090e524f2cdcc3b3e2507df81906","name":"emelean","image":{"@type":"ImageObject","inLanguage":"en-US","@id":"https:\/\/androfertilidad.com\/en\/#\/schema\/person\/image\/","url":"https:\/\/www.androfertilidad.com\/wp-content\/uploads\/2019\/11\/melean-pagina.jpg","contentUrl":"https:\/\/www.androfertilidad.com\/wp-content\/uploads\/2019\/11\/melean-pagina.jpg","width":300,"height":300,"caption":"emelean"},"logo":{"@id":"https:\/\/androfertilidad.com\/en\/#\/schema\/person\/image\/"}}]}},"jetpack_sharing_enabled":true,"_links":{"self":[{"href":"https:\/\/androfertilidad.com\/en\/wp-json\/wp\/v2\/pages\/1773","targetHints":{"allow":["GET"]}}],"collection":[{"href":"https:\/\/androfertilidad.com\/en\/wp-json\/wp\/v2\/pages"}],"about":[{"href":"https:\/\/androfertilidad.com\/en\/wp-json\/wp\/v2\/types\/page"}],"author":[{"embeddable":true,"href":"https:\/\/androfertilidad.com\/en\/wp-json\/wp\/v2\/users\/1"}],"replies":[{"embeddable":true,"href":"https:\/\/androfertilidad.com\/en\/wp-json\/wp\/v2\/comments?post=1773"}],"version-history":[{"count":0,"href":"https:\/\/androfertilidad.com\/en\/wp-json\/wp\/v2\/pages\/1773\/revisions"}],"wp:attachment":[{"href":"https:\/\/androfertilidad.com\/en\/wp-json\/wp\/v2\/media?parent=1773"}],"curies":[{"name":"wp","href":"https:\/\/api.w.org\/{rel}","templated":true}]}}