{"id":1906,"date":"2025-08-11T22:35:16","date_gmt":"2025-08-11T22:35:16","guid":{"rendered":"https:\/\/androfertilidad.com\/?post_type=product&#038;p=1906"},"modified":"2025-08-11T22:35:17","modified_gmt":"2025-08-11T22:35:17","slug":"supersperm-pluss-suplemento-para-mejorar-la-calidad-seminal","status":"publish","type":"product","link":"https:\/\/androfertilidad.com\/en\/product\/supersperm-pluss-suplemento-para-mejorar-la-calidad-seminal\/","title":{"rendered":"SuperSperm Pluss \u2013 Suplemento para mejorar la calidad seminal"},"content":{"rendered":"<p><img fetchpriority=\"high\" decoding=\"async\" class=\"alignright size-medium wp-image-1907\" src=\"https:\/\/androfertilidad.com\/wp-content\/uploads\/2025\/08\/supersperm-pluss-262x300.jpg\" alt=\"supersperm\" width=\"262\" height=\"300\" srcset=\"https:\/\/androfertilidad.com\/wp-content\/uploads\/2025\/08\/supersperm-pluss-262x300.jpg 262w, https:\/\/androfertilidad.com\/wp-content\/uploads\/2025\/08\/supersperm-pluss-600x686.jpg 600w, https:\/\/androfertilidad.com\/wp-content\/uploads\/2025\/08\/supersperm-pluss-896x1024.jpg 896w, https:\/\/androfertilidad.com\/wp-content\/uploads\/2025\/08\/supersperm-pluss-768x878.jpg 768w, https:\/\/androfertilidad.com\/wp-content\/uploads\/2025\/08\/supersperm-pluss-10x12.jpg 10w, https:\/\/androfertilidad.com\/wp-content\/uploads\/2025\/08\/supersperm-pluss.jpg 1312w\" sizes=\"(max-width: 262px) 100vw, 262px\" \/><\/p>\n<ul class=\"a-unordered-list a-vertical a-spacing-mini\">\n<li class=\"a-spacing-mini\"><span class=\"a-list-item\">F\u00f3rmula \u00f3ptima: Amino\u00e1cidos esenciales como L-carnitina, L arginina adem\u00e1s de vitaminas C, D y B12, zinc, selenio, coenzima Q10 y folato para apoyar el ciclo reproductivo normal hasta el embarazo.<\/span><\/li>\n<li class=\"a-spacing-mini\"><span class=\"a-list-item\">ALTA CONCENTRACI\u00d3N: Una sola cucharada tiene el equivalente a 7 p\u00edldoras tradicionales de fertilidad masculina, gracias a la alta cantidad de vitaminas y antioxidantes.<\/span><\/li>\n<li class=\"a-spacing-mini\"><span class=\"a-list-item\">INGREDIENTES NATURALES: Sin sabor artificial a\u00f1adido. La vitamina C le da un agradable sabor a lim\u00f3n.<\/span><\/li>\n<li class=\"a-spacing-mini\"><span class=\"a-list-item\">DOSIS: 1 cucharada 2 veces al d\u00eda diluida entre 4 y 8 Oz de agua o jugo durante al menos 3 a 4 meses, si lo usa durante menos de 74 d\u00edas no ver\u00e1 mejorar su muestra porque el proceso de espermatog\u00e9nesis dura 74 d\u00edas, entonces son los d\u00edas m\u00ednimos que necesita usar el producto.<\/span><\/li>\n<li class=\"a-spacing-mini\"><span class=\"a-list-item\">Probado cient\u00edficamente: 100% fabricado en los Estados Unidos en laboratorios certificados GMP.<\/span><\/li>\n<\/ul>","protected":false},"excerpt":{"rendered":"<p>Suplemento vitam\u00ednico premium para optimizar la salud esperm\u00e1tica y la fertilidad masculina.<\/p>","protected":false},"featured_media":0,"comment_status":"closed","ping_status":"closed","template":"","meta":{"ngg_post_thumbnail":0,"_kadence_starter_templates_imported_post":false,"_kad_post_transparent":"default","_kad_post_title":"","_kad_post_layout":"default","_kad_post_sidebar_id":"","_kad_post_content_style":"default","_kad_post_vertical_padding":"default","_kad_post_feature":"","_kad_post_feature_position":"","_kad_post_header":false,"_kad_post_footer":false,"jetpack_post_was_ever_published":false},"product_brand":[],"product_cat":[65],"product_tag":[],"class_list":{"0":"post-1906","1":"product","2":"type-product","3":"status-publish","5":"product_cat-suplementos-fertilidad-masculina","7":"first","8":"instock","9":"shipping-taxable","10":"purchasable","11":"product-type-simple","12":"entry","13":"content-bg","14":"loop-entry"},"yoast_head":"<!-- This site is optimized with the Yoast SEO Premium plugin v21.7 (Yoast SEO v22.2) - https:\/\/yoast.com\/wordpress\/plugins\/seo\/ -->\n<title>SuperSperm Pluss \u2013 Suplemento para mejorar la calidad seminal &#8211; Androfertilidad<\/title>\n<meta name=\"description\" content=\"Mejora motilidad, morfolog\u00eda y vitalidad esperm\u00e1tica con SuperSperm Pluss, suplemento especializado para la salud reproductiva masculina.\" \/>\n<meta name=\"robots\" content=\"index, follow, max-snippet:-1, max-image-preview:large, max-video-preview:-1\" \/>\n<link rel=\"canonical\" href=\"https:\/\/androfertilidad.com\/en\/product\/supersperm-pluss-suplemento-para-mejorar-la-calidad-seminal\/\" \/>\n<meta property=\"og:locale\" content=\"en_US\" \/>\n<meta property=\"og:type\" content=\"article\" \/>\n<meta property=\"og:title\" content=\"SuperSperm Pluss \u2013 Suplemento para mejorar la calidad seminal\" \/>\n<meta property=\"og:description\" content=\"Mejora motilidad, morfolog\u00eda y vitalidad esperm\u00e1tica con SuperSperm Pluss, suplemento especializado para la salud reproductiva masculina.\" \/>\n<meta property=\"og:url\" content=\"https:\/\/androfertilidad.com\/en\/product\/supersperm-pluss-suplemento-para-mejorar-la-calidad-seminal\/\" \/>\n<meta property=\"og:site_name\" content=\"Androfertilidad\" \/>\n<meta property=\"article:modified_time\" content=\"2025-08-11T22:35:17+00:00\" \/>\n<meta property=\"og:image\" content=\"https:\/\/androfertilidad.com\/wp-content\/uploads\/2025\/08\/supersperm-pluss-262x300.jpg\" \/>\n<meta name=\"twitter:card\" content=\"summary_large_image\" \/>\n<meta name=\"twitter:label1\" content=\"Est. reading time\" \/>\n\t<meta name=\"twitter:data1\" content=\"1 minute\" \/>\n<script type=\"application\/ld+json\" class=\"yoast-schema-graph\">{\"@context\":\"https:\/\/schema.org\",\"@graph\":[{\"@type\":\"WebPage\",\"@id\":\"https:\/\/androfertilidad.com\/en\/product\/supersperm-pluss-suplemento-para-mejorar-la-calidad-seminal\/\",\"url\":\"https:\/\/androfertilidad.com\/en\/product\/supersperm-pluss-suplemento-para-mejorar-la-calidad-seminal\/\",\"name\":\"SuperSperm Pluss \u2013 Suplemento para mejorar la calidad seminal &#8211; Androfertilidad\",\"isPartOf\":{\"@id\":\"https:\/\/androfertilidad.com\/en\/#website\"},\"primaryImageOfPage\":{\"@id\":\"https:\/\/androfertilidad.com\/en\/product\/supersperm-pluss-suplemento-para-mejorar-la-calidad-seminal\/#primaryimage\"},\"image\":{\"@id\":\"https:\/\/androfertilidad.com\/en\/product\/supersperm-pluss-suplemento-para-mejorar-la-calidad-seminal\/#primaryimage\"},\"thumbnailUrl\":\"https:\/\/androfertilidad.com\/wp-content\/uploads\/2025\/08\/supersperm-pluss-262x300.jpg\",\"datePublished\":\"2025-08-11T22:35:16+00:00\",\"dateModified\":\"2025-08-11T22:35:17+00:00\",\"description\":\"Mejora motilidad, morfolog\u00eda y vitalidad esperm\u00e1tica con SuperSperm Pluss, suplemento especializado para la salud reproductiva masculina.\",\"breadcrumb\":{\"@id\":\"https:\/\/androfertilidad.com\/en\/product\/supersperm-pluss-suplemento-para-mejorar-la-calidad-seminal\/#breadcrumb\"},\"inLanguage\":\"en-US\",\"potentialAction\":[{\"@type\":\"ReadAction\",\"target\":[\"https:\/\/androfertilidad.com\/en\/product\/supersperm-pluss-suplemento-para-mejorar-la-calidad-seminal\/\"]}]},{\"@type\":\"ImageObject\",\"inLanguage\":\"en-US\",\"@id\":\"https:\/\/androfertilidad.com\/en\/product\/supersperm-pluss-suplemento-para-mejorar-la-calidad-seminal\/#primaryimage\",\"url\":\"https:\/\/androfertilidad.com\/wp-content\/uploads\/2025\/08\/supersperm-pluss.jpg\",\"contentUrl\":\"https:\/\/androfertilidad.com\/wp-content\/uploads\/2025\/08\/supersperm-pluss.jpg\",\"width\":1312,\"height\":1500,\"caption\":\"supersperm\"},{\"@type\":\"BreadcrumbList\",\"@id\":\"https:\/\/androfertilidad.com\/en\/product\/supersperm-pluss-suplemento-para-mejorar-la-calidad-seminal\/#breadcrumb\",\"itemListElement\":[{\"@type\":\"ListItem\",\"position\":1,\"name\":\"Portada\",\"item\":\"https:\/\/androfertilidad.com\/en\/\"},{\"@type\":\"ListItem\",\"position\":2,\"name\":\"Tienda\",\"item\":\"https:\/\/androfertilidad.com\/es_es\/tienda\/\"},{\"@type\":\"ListItem\",\"position\":3,\"name\":\"SuperSperm Pluss \u2013 Suplemento para mejorar la calidad seminal\"}]},{\"@type\":\"WebSite\",\"@id\":\"https:\/\/androfertilidad.com\/en\/#website\",\"url\":\"https:\/\/androfertilidad.com\/en\/\",\"name\":\"Androfertilidad\",\"description\":\"Andr\u00f3logo -  Ur\u00f3logo - Caracas\",\"publisher\":{\"@id\":\"https:\/\/androfertilidad.com\/en\/#\/schema\/person\/3819090e524f2cdcc3b3e2507df81906\"},\"potentialAction\":[{\"@type\":\"SearchAction\",\"target\":{\"@type\":\"EntryPoint\",\"urlTemplate\":\"https:\/\/androfertilidad.com\/en\/?s={search_term_string}\"},\"query-input\":\"required name=search_term_string\"}],\"inLanguage\":\"en-US\"},{\"@type\":[\"Person\",\"Organization\"],\"@id\":\"https:\/\/androfertilidad.com\/en\/#\/schema\/person\/3819090e524f2cdcc3b3e2507df81906\",\"name\":\"emelean\",\"image\":{\"@type\":\"ImageObject\",\"inLanguage\":\"en-US\",\"@id\":\"https:\/\/androfertilidad.com\/en\/#\/schema\/person\/image\/\",\"url\":\"https:\/\/www.androfertilidad.com\/wp-content\/uploads\/2019\/11\/melean-pagina.jpg\",\"contentUrl\":\"https:\/\/www.androfertilidad.com\/wp-content\/uploads\/2019\/11\/melean-pagina.jpg\",\"width\":300,\"height\":300,\"caption\":\"emelean\"},\"logo\":{\"@id\":\"https:\/\/androfertilidad.com\/en\/#\/schema\/person\/image\/\"}}]}<\/script>\n<!-- \/ Yoast SEO Premium plugin. -->","yoast_head_json":{"title":"SuperSperm Pluss \u2013 Suplemento para mejorar la calidad seminal &#8211; Androfertilidad","description":"Mejora motilidad, morfolog\u00eda y vitalidad esperm\u00e1tica con SuperSperm Pluss, suplemento especializado para la salud reproductiva masculina.","robots":{"index":"index","follow":"follow","max-snippet":"max-snippet:-1","max-image-preview":"max-image-preview:large","max-video-preview":"max-video-preview:-1"},"canonical":"https:\/\/androfertilidad.com\/en\/product\/supersperm-pluss-suplemento-para-mejorar-la-calidad-seminal\/","og_locale":"en_US","og_type":"article","og_title":"SuperSperm Pluss \u2013 Suplemento para mejorar la calidad seminal","og_description":"Mejora motilidad, morfolog\u00eda y vitalidad esperm\u00e1tica con SuperSperm Pluss, suplemento especializado para la salud reproductiva masculina.","og_url":"https:\/\/androfertilidad.com\/en\/product\/supersperm-pluss-suplemento-para-mejorar-la-calidad-seminal\/","og_site_name":"Androfertilidad","article_modified_time":"2025-08-11T22:35:17+00:00","og_image":[{"url":"https:\/\/androfertilidad.com\/wp-content\/uploads\/2025\/08\/supersperm-pluss-262x300.jpg"}],"twitter_card":"summary_large_image","twitter_misc":{"Est. reading time":"1 minute"},"schema":{"@context":"https:\/\/schema.org","@graph":[{"@type":"WebPage","@id":"https:\/\/androfertilidad.com\/en\/product\/supersperm-pluss-suplemento-para-mejorar-la-calidad-seminal\/","url":"https:\/\/androfertilidad.com\/en\/product\/supersperm-pluss-suplemento-para-mejorar-la-calidad-seminal\/","name":"SuperSperm Pluss \u2013 Suplemento para mejorar la calidad seminal &#8211; Androfertilidad","isPartOf":{"@id":"https:\/\/androfertilidad.com\/en\/#website"},"primaryImageOfPage":{"@id":"https:\/\/androfertilidad.com\/en\/product\/supersperm-pluss-suplemento-para-mejorar-la-calidad-seminal\/#primaryimage"},"image":{"@id":"https:\/\/androfertilidad.com\/en\/product\/supersperm-pluss-suplemento-para-mejorar-la-calidad-seminal\/#primaryimage"},"thumbnailUrl":"https:\/\/androfertilidad.com\/wp-content\/uploads\/2025\/08\/supersperm-pluss-262x300.jpg","datePublished":"2025-08-11T22:35:16+00:00","dateModified":"2025-08-11T22:35:17+00:00","description":"Mejora motilidad, morfolog\u00eda y vitalidad esperm\u00e1tica con SuperSperm Pluss, suplemento especializado para la salud reproductiva masculina.","breadcrumb":{"@id":"https:\/\/androfertilidad.com\/en\/product\/supersperm-pluss-suplemento-para-mejorar-la-calidad-seminal\/#breadcrumb"},"inLanguage":"en-US","potentialAction":[{"@type":"ReadAction","target":["https:\/\/androfertilidad.com\/en\/product\/supersperm-pluss-suplemento-para-mejorar-la-calidad-seminal\/"]}]},{"@type":"ImageObject","inLanguage":"en-US","@id":"https:\/\/androfertilidad.com\/en\/product\/supersperm-pluss-suplemento-para-mejorar-la-calidad-seminal\/#primaryimage","url":"https:\/\/androfertilidad.com\/wp-content\/uploads\/2025\/08\/supersperm-pluss.jpg","contentUrl":"https:\/\/androfertilidad.com\/wp-content\/uploads\/2025\/08\/supersperm-pluss.jpg","width":1312,"height":1500,"caption":"supersperm"},{"@type":"BreadcrumbList","@id":"https:\/\/androfertilidad.com\/en\/product\/supersperm-pluss-suplemento-para-mejorar-la-calidad-seminal\/#breadcrumb","itemListElement":[{"@type":"ListItem","position":1,"name":"Portada","item":"https:\/\/androfertilidad.com\/en\/"},{"@type":"ListItem","position":2,"name":"Tienda","item":"https:\/\/androfertilidad.com\/es_es\/tienda\/"},{"@type":"ListItem","position":3,"name":"SuperSperm Pluss \u2013 Suplemento para mejorar la calidad seminal"}]},{"@type":"WebSite","@id":"https:\/\/androfertilidad.com\/en\/#website","url":"https:\/\/androfertilidad.com\/en\/","name":"Androfertility","description":"Andr\u00f3logo -  Ur\u00f3logo - Caracas","publisher":{"@id":"https:\/\/androfertilidad.com\/en\/#\/schema\/person\/3819090e524f2cdcc3b3e2507df81906"},"potentialAction":[{"@type":"SearchAction","target":{"@type":"EntryPoint","urlTemplate":"https:\/\/androfertilidad.com\/en\/?s={search_term_string}"},"query-input":"required name=search_term_string"}],"inLanguage":"en-US"},{"@type":["Person","Organization"],"@id":"https:\/\/androfertilidad.com\/en\/#\/schema\/person\/3819090e524f2cdcc3b3e2507df81906","name":"emelean","image":{"@type":"ImageObject","inLanguage":"en-US","@id":"https:\/\/androfertilidad.com\/en\/#\/schema\/person\/image\/","url":"https:\/\/www.androfertilidad.com\/wp-content\/uploads\/2019\/11\/melean-pagina.jpg","contentUrl":"https:\/\/www.androfertilidad.com\/wp-content\/uploads\/2019\/11\/melean-pagina.jpg","width":300,"height":300,"caption":"emelean"},"logo":{"@id":"https:\/\/androfertilidad.com\/en\/#\/schema\/person\/image\/"}}]}},"jetpack_sharing_enabled":true,"_links":{"self":[{"href":"https:\/\/androfertilidad.com\/en\/wp-json\/wp\/v2\/product\/1906","targetHints":{"allow":["GET"]}}],"collection":[{"href":"https:\/\/androfertilidad.com\/en\/wp-json\/wp\/v2\/product"}],"about":[{"href":"https:\/\/androfertilidad.com\/en\/wp-json\/wp\/v2\/types\/product"}],"replies":[{"embeddable":true,"href":"https:\/\/androfertilidad.com\/en\/wp-json\/wp\/v2\/comments?post=1906"}],"wp:attachment":[{"href":"https:\/\/androfertilidad.com\/en\/wp-json\/wp\/v2\/media?parent=1906"}],"wp:term":[{"taxonomy":"product_brand","embeddable":true,"href":"https:\/\/androfertilidad.com\/en\/wp-json\/wp\/v2\/product_brand?post=1906"},{"taxonomy":"product_cat","embeddable":true,"href":"https:\/\/androfertilidad.com\/en\/wp-json\/wp\/v2\/product_cat?post=1906"},{"taxonomy":"product_tag","embeddable":true,"href":"https:\/\/androfertilidad.com\/en\/wp-json\/wp\/v2\/product_tag?post=1906"}],"curies":[{"name":"wp","href":"https:\/\/api.w.org\/{rel}","templated":true}]}}