{"id":208,"date":"2019-11-10T11:41:49","date_gmt":"2019-11-10T11:41:49","guid":{"rendered":"http:\/\/www.androfertilidad.com\/?page_id=208"},"modified":"2020-01-04T21:38:30","modified_gmt":"2020-01-04T21:38:30","slug":"contacto-dr-melean","status":"publish","type":"page","link":"https:\/\/androfertilidad.com\/es_es\/contacto-dr-melean\/","title":{"rendered":"CONTACTO"},"content":{"rendered":"\r\n\n<div class=\"wpcf7 no-js\" id=\"wpcf7-f207-o1\" lang=\"es-ES\" dir=\"ltr\">\n<div class=\"screen-reader-response\"><p role=\"status\" aria-live=\"polite\" aria-atomic=\"true\"><\/p> <ul><\/ul><\/div>\n<form action=\"\/es_es\/wp-json\/wp\/v2\/pages\/208#wpcf7-f207-o1\" method=\"post\" class=\"wpcf7-form init\" aria-label=\"Formulario de contacto\" novalidate=\"novalidate\" data-status=\"init\">\n<div style=\"display: none;\">\n<input type=\"hidden\" name=\"_wpcf7\" value=\"207\" \/>\n<input type=\"hidden\" name=\"_wpcf7_version\" value=\"5.9.2\" \/>\n<input type=\"hidden\" name=\"_wpcf7_locale\" value=\"es_ES\" \/>\n<input type=\"hidden\" name=\"_wpcf7_unit_tag\" value=\"wpcf7-f207-o1\" \/>\n<input type=\"hidden\" name=\"_wpcf7_container_post\" value=\"0\" \/>\n<input type=\"hidden\" name=\"_wpcf7_posted_data_hash\" value=\"\" \/>\n<\/div>\n<p><label> Tu nombre (requerido)<br \/>\n<span class=\"wpcf7-form-control-wrap\" data-name=\"your-name\"><input size=\"40\" class=\"wpcf7-form-control wpcf7-text wpcf7-validates-as-required\" aria-required=\"true\" aria-invalid=\"false\" value=\"\" type=\"text\" name=\"your-name\" \/><\/span> <\/label>\n<\/p>\n<p><label> Tu correo electr\u00f3nico (requerido)<br \/>\n<span class=\"wpcf7-form-control-wrap\" data-name=\"your-email\"><input size=\"40\" class=\"wpcf7-form-control wpcf7-email wpcf7-validates-as-required wpcf7-text wpcf7-validates-as-email\" aria-required=\"true\" aria-invalid=\"false\" value=\"\" type=\"email\" name=\"your-email\" \/><\/span> <\/label>\n<\/p>\n<p><label> Asunto<br \/>\n<span class=\"wpcf7-form-control-wrap\" data-name=\"your-subject\"><input size=\"40\" class=\"wpcf7-form-control wpcf7-text\" aria-invalid=\"false\" value=\"\" type=\"text\" name=\"your-subject\" \/><\/span> <\/label>\n<\/p>\n<p><label> Tu mensaje<br \/>\n<span class=\"wpcf7-form-control-wrap\" data-name=\"your-message\"><textarea cols=\"40\" rows=\"10\" class=\"wpcf7-form-control wpcf7-textarea\" aria-invalid=\"false\" name=\"your-message\"><\/textarea><\/span> <\/label>\n<\/p>\n<p><input class=\"wpcf7-form-control wpcf7-submit has-spinner\" type=\"submit\" value=\"Enviar\" \/>\n<\/p><div class=\"wpcf7-response-output\" aria-hidden=\"true\"><\/div>\n<\/form>\n<\/div>\n\r\n<p>&nbsp;<\/p>\r\n<p>&nbsp;<\/p>\r\n","protected":false},"excerpt":{"rendered":"<p>&nbsp; &nbsp;<\/p>\n","protected":false},"author":1,"featured_media":0,"parent":0,"menu_order":0,"comment_status":"closed","ping_status":"closed","template":"","meta":{"ngg_post_thumbnail":0,"_kadence_starter_templates_imported_post":false,"_kad_post_transparent":"","_kad_post_title":"","_kad_post_layout":"","_kad_post_sidebar_id":"","_kad_post_content_style":"","_kad_post_vertical_padding":"","_kad_post_feature":"","_kad_post_feature_position":"","_kad_post_header":false,"_kad_post_footer":false,"jetpack_post_was_ever_published":false,"footnotes":""},"class_list":["post-208","page","type-page","status-publish","hentry"],"yoast_head":"<!-- This site is optimized with the Yoast SEO Premium plugin v21.7 (Yoast SEO v22.2) - https:\/\/yoast.com\/wordpress\/plugins\/seo\/ -->\n<title>CONTACTO &#8211; Urolog\u00eda &#8211; Androlog\u00eda &#8211; Androfertilidad<\/title>\n<meta name=\"description\" content=\"Dr. Eliezer Mele\u00e1n &#8211; Ur\u00f3logo &#8211; Andr\u00f3logo &#8211; Contacto &#8211; Fertilidad &#8211; Reproducci\u00f3n &#8211; Sexualidad &#8211; Docencia innovadora &#8211; E-learning\" \/>\n<meta name=\"robots\" content=\"index, follow, max-snippet:-1, max-image-preview:large, max-video-preview:-1\" \/>\n<link rel=\"canonical\" href=\"https:\/\/androfertilidad.com\/es_es\/contacto-dr-melean\/\" \/>\n<meta property=\"og:locale\" content=\"es_ES\" \/>\n<meta property=\"og:type\" content=\"article\" \/>\n<meta property=\"og:title\" content=\"CONTACTO\" \/>\n<meta property=\"og:description\" content=\"Dr. Eliezer Mele\u00e1n &#8211; Ur\u00f3logo &#8211; Andr\u00f3logo &#8211; Contacto &#8211; Fertilidad &#8211; Reproducci\u00f3n &#8211; Sexualidad &#8211; Docencia innovadora &#8211; E-learning\" \/>\n<meta property=\"og:url\" content=\"https:\/\/androfertilidad.com\/es_es\/contacto-dr-melean\/\" \/>\n<meta property=\"og:site_name\" content=\"Androfertilidad\" \/>\n<meta property=\"article:modified_time\" content=\"2020-01-04T21:38:30+00:00\" \/>\n<meta name=\"twitter:card\" content=\"summary_large_image\" \/>\n<script type=\"application\/ld+json\" class=\"yoast-schema-graph\">{\"@context\":\"https:\/\/schema.org\",\"@graph\":[{\"@type\":\"WebPage\",\"@id\":\"https:\/\/androfertilidad.com\/es_es\/contacto-dr-melean\/\",\"url\":\"https:\/\/androfertilidad.com\/es_es\/contacto-dr-melean\/\",\"name\":\"CONTACTO &#8211; Urolog\u00eda &#8211; Androlog\u00eda &#8211; Androfertilidad\",\"isPartOf\":{\"@id\":\"https:\/\/androfertilidad.com\/en\/#website\"},\"datePublished\":\"2019-11-10T11:41:49+00:00\",\"dateModified\":\"2020-01-04T21:38:30+00:00\",\"description\":\"Dr. Eliezer Mele\u00e1n &#8211; Ur\u00f3logo &#8211; Andr\u00f3logo &#8211; Contacto &#8211; Fertilidad &#8211; Reproducci\u00f3n &#8211; Sexualidad &#8211; Docencia innovadora &#8211; E-learning\",\"breadcrumb\":{\"@id\":\"https:\/\/androfertilidad.com\/es_es\/contacto-dr-melean\/#breadcrumb\"},\"inLanguage\":\"es\",\"potentialAction\":[{\"@type\":\"ReadAction\",\"target\":[\"https:\/\/androfertilidad.com\/es_es\/contacto-dr-melean\/\"]}]},{\"@type\":\"BreadcrumbList\",\"@id\":\"https:\/\/androfertilidad.com\/es_es\/contacto-dr-melean\/#breadcrumb\",\"itemListElement\":[{\"@type\":\"ListItem\",\"position\":1,\"name\":\"Portada\",\"item\":\"https:\/\/androfertilidad.com\/en\/\"},{\"@type\":\"ListItem\",\"position\":2,\"name\":\"CONTACTO\"}]},{\"@type\":\"WebSite\",\"@id\":\"https:\/\/androfertilidad.com\/en\/#website\",\"url\":\"https:\/\/androfertilidad.com\/en\/\",\"name\":\"Androfertilidad\",\"description\":\"Andr\u00f3logo -  Ur\u00f3logo - Caracas\",\"publisher\":{\"@id\":\"https:\/\/androfertilidad.com\/en\/#\/schema\/person\/3819090e524f2cdcc3b3e2507df81906\"},\"potentialAction\":[{\"@type\":\"SearchAction\",\"target\":{\"@type\":\"EntryPoint\",\"urlTemplate\":\"https:\/\/androfertilidad.com\/en\/?s={search_term_string}\"},\"query-input\":\"required name=search_term_string\"}],\"inLanguage\":\"es\"},{\"@type\":[\"Person\",\"Organization\"],\"@id\":\"https:\/\/androfertilidad.com\/en\/#\/schema\/person\/3819090e524f2cdcc3b3e2507df81906\",\"name\":\"emelean\",\"image\":{\"@type\":\"ImageObject\",\"inLanguage\":\"es\",\"@id\":\"https:\/\/androfertilidad.com\/en\/#\/schema\/person\/image\/\",\"url\":\"https:\/\/www.androfertilidad.com\/wp-content\/uploads\/2019\/11\/melean-pagina.jpg\",\"contentUrl\":\"https:\/\/www.androfertilidad.com\/wp-content\/uploads\/2019\/11\/melean-pagina.jpg\",\"width\":300,\"height\":300,\"caption\":\"emelean\"},\"logo\":{\"@id\":\"https:\/\/androfertilidad.com\/en\/#\/schema\/person\/image\/\"}}]}<\/script>\n<!-- \/ Yoast SEO Premium plugin. -->","yoast_head_json":{"title":"CONTACTO &#8211; Urolog\u00eda &#8211; Androlog\u00eda &#8211; Androfertilidad","description":"Dr. Eliezer Mele\u00e1n &#8211; Ur\u00f3logo &#8211; Andr\u00f3logo &#8211; Contacto &#8211; Fertilidad &#8211; Reproducci\u00f3n &#8211; Sexualidad &#8211; Docencia innovadora &#8211; E-learning","robots":{"index":"index","follow":"follow","max-snippet":"max-snippet:-1","max-image-preview":"max-image-preview:large","max-video-preview":"max-video-preview:-1"},"canonical":"https:\/\/androfertilidad.com\/es_es\/contacto-dr-melean\/","og_locale":"es_ES","og_type":"article","og_title":"CONTACTO","og_description":"Dr. Eliezer Mele\u00e1n &#8211; Ur\u00f3logo &#8211; Andr\u00f3logo &#8211; Contacto &#8211; Fertilidad &#8211; Reproducci\u00f3n &#8211; Sexualidad &#8211; Docencia innovadora &#8211; E-learning","og_url":"https:\/\/androfertilidad.com\/es_es\/contacto-dr-melean\/","og_site_name":"Androfertilidad","article_modified_time":"2020-01-04T21:38:30+00:00","twitter_card":"summary_large_image","schema":{"@context":"https:\/\/schema.org","@graph":[{"@type":"WebPage","@id":"https:\/\/androfertilidad.com\/es_es\/contacto-dr-melean\/","url":"https:\/\/androfertilidad.com\/es_es\/contacto-dr-melean\/","name":"CONTACTO &#8211; Urolog\u00eda &#8211; Androlog\u00eda &#8211; Androfertilidad","isPartOf":{"@id":"https:\/\/androfertilidad.com\/en\/#website"},"datePublished":"2019-11-10T11:41:49+00:00","dateModified":"2020-01-04T21:38:30+00:00","description":"Dr. Eliezer Mele\u00e1n &#8211; Ur\u00f3logo &#8211; Andr\u00f3logo &#8211; Contacto &#8211; Fertilidad &#8211; Reproducci\u00f3n &#8211; Sexualidad &#8211; Docencia innovadora &#8211; E-learning","breadcrumb":{"@id":"https:\/\/androfertilidad.com\/es_es\/contacto-dr-melean\/#breadcrumb"},"inLanguage":"es","potentialAction":[{"@type":"ReadAction","target":["https:\/\/androfertilidad.com\/es_es\/contacto-dr-melean\/"]}]},{"@type":"BreadcrumbList","@id":"https:\/\/androfertilidad.com\/es_es\/contacto-dr-melean\/#breadcrumb","itemListElement":[{"@type":"ListItem","position":1,"name":"Portada","item":"https:\/\/androfertilidad.com\/en\/"},{"@type":"ListItem","position":2,"name":"CONTACTO"}]},{"@type":"WebSite","@id":"https:\/\/androfertilidad.com\/en\/#website","url":"https:\/\/androfertilidad.com\/en\/","name":"Androfertilidad","description":"Andr\u00f3logo -  Ur\u00f3logo - Caracas","publisher":{"@id":"https:\/\/androfertilidad.com\/en\/#\/schema\/person\/3819090e524f2cdcc3b3e2507df81906"},"potentialAction":[{"@type":"SearchAction","target":{"@type":"EntryPoint","urlTemplate":"https:\/\/androfertilidad.com\/en\/?s={search_term_string}"},"query-input":"required name=search_term_string"}],"inLanguage":"es"},{"@type":["Person","Organization"],"@id":"https:\/\/androfertilidad.com\/en\/#\/schema\/person\/3819090e524f2cdcc3b3e2507df81906","name":"emelean","image":{"@type":"ImageObject","inLanguage":"es","@id":"https:\/\/androfertilidad.com\/en\/#\/schema\/person\/image\/","url":"https:\/\/www.androfertilidad.com\/wp-content\/uploads\/2019\/11\/melean-pagina.jpg","contentUrl":"https:\/\/www.androfertilidad.com\/wp-content\/uploads\/2019\/11\/melean-pagina.jpg","width":300,"height":300,"caption":"emelean"},"logo":{"@id":"https:\/\/androfertilidad.com\/en\/#\/schema\/person\/image\/"}}]}},"jetpack_sharing_enabled":true,"_links":{"self":[{"href":"https:\/\/androfertilidad.com\/es_es\/wp-json\/wp\/v2\/pages\/208","targetHints":{"allow":["GET"]}}],"collection":[{"href":"https:\/\/androfertilidad.com\/es_es\/wp-json\/wp\/v2\/pages"}],"about":[{"href":"https:\/\/androfertilidad.com\/es_es\/wp-json\/wp\/v2\/types\/page"}],"author":[{"embeddable":true,"href":"https:\/\/androfertilidad.com\/es_es\/wp-json\/wp\/v2\/users\/1"}],"replies":[{"embeddable":true,"href":"https:\/\/androfertilidad.com\/es_es\/wp-json\/wp\/v2\/comments?post=208"}],"version-history":[{"count":7,"href":"https:\/\/androfertilidad.com\/es_es\/wp-json\/wp\/v2\/pages\/208\/revisions"}],"predecessor-version":[{"id":588,"href":"https:\/\/androfertilidad.com\/es_es\/wp-json\/wp\/v2\/pages\/208\/revisions\/588"}],"wp:attachment":[{"href":"https:\/\/androfertilidad.com\/es_es\/wp-json\/wp\/v2\/media?parent=208"}],"curies":[{"name":"wp","href":"https:\/\/api.w.org\/{rel}","templated":true}]}}